{"id":355,"date":"2026-03-03T21:12:16","date_gmt":"2026-03-03T20:12:16","guid":{"rendered":"https:\/\/groupjb.pl\/?page_id=355"},"modified":"2026-03-25T07:04:52","modified_gmt":"2026-03-25T06:04:52","slug":"email","status":"publish","type":"page","link":"https:\/\/groupjb.pl\/index.php\/email\/","title":{"rendered":"Wys\u0142yanie email"},"content":{"rendered":"\t\t<div data-elementor-type=\"wp-post\" data-elementor-id=\"355\" class=\"elementor elementor-355\">\n\t\t\t\t\t\t<section class=\"elementor-section elementor-top-section elementor-element elementor-element-00ab289 elementor-section-boxed elementor-section-height-default elementor-section-height-default\" data-id=\"00ab289\" data-element_type=\"section\" data-e-type=\"section\">\n\t\t\t\t\t\t<div class=\"elementor-container elementor-column-gap-default\">\n\t\t\t\t\t<div class=\"elementor-column elementor-col-100 elementor-top-column elementor-element elementor-element-84ff41e\" data-id=\"84ff41e\" data-element_type=\"column\" data-e-type=\"column\">\n\t\t\t<div class=\"elementor-widget-wrap elementor-element-populated\">\n\t\t\t\t\t\t<div class=\"elementor-element elementor-element-280e36c elementor-widget elementor-widget-html\" data-id=\"280e36c\" data-element_type=\"widget\" data-e-type=\"widget\" data-widget_type=\"html.default\">\n\t\t\t\t<div class=\"elementor-widget-container\">\n\t\t\t\t\t<!DOCTYPE html>\n<html lang=\"pl\">\n<head>\n<meta charset=\"UTF-8\">\n<meta name=\"viewport\" content=\"width=device-width, initial-scale=1.0\">\n<title>Zapytanie ofertowe | JB GROUP<\/title>\n\n<style>\n*{margin:0;padding:0;box-sizing:border-box;}\n\nbody{\nfont-family:Arial, Helvetica, sans-serif;\nbackground:\nradial-gradient(circle at top right, rgba(18,240,5,0.10), transparent 22%),\nradial-gradient(circle at bottom left, rgba(18,240,5,0.08), transparent 20%),\nlinear-gradient(180deg,#060806 0%,#0b0f0b 45%,#090b09 100%);\ncolor:#f2f2f2;\n}\n\n.container{\nwidth:1200px;\nmax-width:94%;\nmargin:auto;\npadding:100px 0;\n}\n\nh1{\nfont-size:48px;\ntext-align:center;\nmargin-bottom:20px;\ntext-transform:uppercase;\n}\n\nh1 span{color:#12F005;}\n\n.subtitle{\ntext-align:center;\ncolor:#cfcfcf;\nmargin-bottom:80px;\nfont-size:18px;\n}\n\n\/* SEKCJE *\/\n\n.section-title{\nfont-size:22px;\nmargin-bottom:25px;\ncolor:#12F005;\ntext-transform:uppercase;\nletter-spacing:1px;\n}\n\n\/* GRID *\/\n\n.grid{\ndisplay:grid;\ngrid-template-columns:repeat(auto-fit,minmax(260px,1fr));\ngap:30px;\nmargin-bottom:60px;\n}\n\n\/* KAFELKI *\/\n\n.card{\nbackground:#30303047;\nborder-radius:18px;\npadding:40px 30px;\ntransition:0.3s;\ncursor:pointer;\nposition:relative;\nborder:1px solid rgba(255,255,255,0.08);\n}\n\n.card:hover{\ntransform:translateY(-10px);\nborder:1px solid rgba(18,240,5,0.4);\nbox-shadow:0 20px 40px rgba(0,0,0,0.3);\n}\n\n.card::after{\ncontent:\"\u2192\";\nposition:absolute;\nright:25px;\nbottom:25px;\nfont-size:20px;\ncolor:#12F005;\n}\n\n.card h3{\nmargin-bottom:10px;\nfont-size:20px;\n}\n\n.card p{\nfont-size:14px;\ncolor:#cfcfcf;\n}\n\n.cta{\ntext-align:center;\nmargin-top:40px;\ncolor:#aaa;\n}\n\n@media(max-width:600px){\nh1{font-size:34px;}\n}\n<\/style>\n<\/head>\n\n<body>\n\n<div class=\"container\">\n\n<h1>Wy\u015blij <span>zapytanie<\/span><\/h1>\n<p class=\"subtitle\">Wybierz kategori\u0119 \u2014 przejd\u017a do odpowiedniego formularza.<\/p>\n\n<!-- PRODUKTY -->\n\n<h2 class=\"section-title\">Produkty<\/h2>\n\n<div class=\"grid\">\n\n<div class=\"card\" onclick=\"window.location.href='https:\/\/groupjb.pl\/index.php\/zapytanie-ofertowe-stoly-spawalnicze\/'\">\n<h3>Sto\u0142y spawalnicze<\/h3>\n<p>Dob\u00f3r modelu i konfiguracja sto\u0142u.<\/p>\n<\/div>\n\n<div class=\"card\" onclick=\"window.location.href='https:\/\/groupjb.pl\/index.php\/zap-jb-shield\/'\">\n<h3>JB SHIELD<\/h3>\n<p>Systemy os\u0142on spawalniczych.<\/p>\n<\/div>\n\n<div class=\"card\" onclick=\"window.location.href='https:\/\/groupjb.pl\/index.php\/formularz-stelaz\/'\">\n<h3>Stela\u017ce dekoracyjne<\/h3>\n<p>Stela\u017ce eventowe i konstrukcje dekoracyjne.<\/p>\n<\/div>\n\n<\/div>\n\n<!-- US\u0141UGI -->\n\n<h2 class=\"section-title\">Us\u0142ugi<\/h2>\n\n<div class=\"grid\">\n\n<div class=\"card\" onclick=\"window.location.href='https:\/\/groupjb.pl\/index.php\/zapytanie-ofertowe-konstrukcje\/'\">\n<h3>Konstrukcje stalowe<\/h3>\n<p>Projekt i wykonanie konstrukcji.<\/p>\n<\/div>\n\n<div class=\"card\" onclick=\"window.location.href='https:\/\/groupjb.pl\/index.php\/zapytanie-ofertowe-usluga-spawania\/'\">\n<h3>Us\u0142ugi spawalnicze<\/h3>\n<p>Spawanie i produkcja element\u00f3w.<\/p>\n<\/div>\n\n<div class=\"card\" onclick=\"window.location.href='https:\/\/groupjb.pl\/index.php\/ciecie-las-i-obr-stali\/'\">\n<h3>Ci\u0119cie laserowe<\/h3>\n<p>Ci\u0119cie i obr\u00f3bka stali.<\/p>\n<\/div>\n\n<\/div>\n\n<!-- REALIZACJE -->\n\n<h2 class=\"section-title\">Realizacje indywidualne<\/h2>\n\n<div class=\"grid\">\n\n<div class=\"card\" onclick=\"window.location.href='https:\/\/groupjb.pl\/index.php\/formularz-realiacje-indywidualne\/'\">\n<h3>Projekt indywidualny<\/h3>\n<p>Opisz projekt \u2014 przygotujemy rozwi\u0105zanie.<\/p>\n<\/div>\n\n<\/div>\n\n<div class=\"cta\">\nJB GROUP \u2014 produkcja \u2022 konstrukcje \u2022 precyzja\n<\/div>\n\n<\/div>\n\n<\/body>\n<\/html>\t\t\t\t<\/div>\n\t\t\t\t<\/div>\n\t\t\t\t\t<\/div>\n\t\t<\/div>\n\t\t\t\t\t<\/div>\n\t\t<\/section>\n\t\t\t\t<\/div>\n\t\t","protected":false},"excerpt":{"rendered":"<p>Zapytanie ofertowe | JB GROUP Wy\u015blij zapytanie Wybierz kategori\u0119 \u2014 przejd\u017a do odpowiedniego formularza. Produkty Sto\u0142y spawalnicze Dob\u00f3r modelu i konfiguracja sto\u0142u. JB SHIELD Systemy os\u0142on spawalniczych. Stela\u017ce dekoracyjne Stela\u017ce eventowe i konstrukcje dekoracyjne. Us\u0142ugi Konstrukcje stalowe Projekt i wykonanie konstrukcji. Us\u0142ugi spawalnicze Spawanie i produkcja element\u00f3w. Ci\u0119cie laserowe Ci\u0119cie i obr\u00f3bka stali. Realizacje indywidualne [&hellip;]<\/p>\n","protected":false},"author":1,"featured_media":0,"parent":0,"menu_order":0,"comment_status":"closed","ping_status":"closed","template":"","meta":{"footnotes":""},"class_list":["post-355","page","type-page","status-publish","hentry"],"_links":{"self":[{"href":"https:\/\/groupjb.pl\/index.php\/wp-json\/wp\/v2\/pages\/355","targetHints":{"allow":["GET"]}}],"collection":[{"href":"https:\/\/groupjb.pl\/index.php\/wp-json\/wp\/v2\/pages"}],"about":[{"href":"https:\/\/groupjb.pl\/index.php\/wp-json\/wp\/v2\/types\/page"}],"author":[{"embeddable":true,"href":"https:\/\/groupjb.pl\/index.php\/wp-json\/wp\/v2\/users\/1"}],"replies":[{"embeddable":true,"href":"https:\/\/groupjb.pl\/index.php\/wp-json\/wp\/v2\/comments?post=355"}],"version-history":[{"count":21,"href":"https:\/\/groupjb.pl\/index.php\/wp-json\/wp\/v2\/pages\/355\/revisions"}],"predecessor-version":[{"id":1011,"href":"https:\/\/groupjb.pl\/index.php\/wp-json\/wp\/v2\/pages\/355\/revisions\/1011"}],"wp:attachment":[{"href":"https:\/\/groupjb.pl\/index.php\/wp-json\/wp\/v2\/media?parent=355"}],"curies":[{"name":"wp","href":"https:\/\/api.w.org\/{rel}","templated":true}]}}