{"id":857,"date":"2026-03-23T12:44:54","date_gmt":"2026-03-23T11:44:54","guid":{"rendered":"https:\/\/groupjb.pl\/?page_id=857"},"modified":"2026-03-24T11:57:52","modified_gmt":"2026-03-24T10:57:52","slug":"oferta","status":"publish","type":"page","link":"https:\/\/groupjb.pl\/index.php\/oferta\/","title":{"rendered":"Oferta"},"content":{"rendered":"\t\t<div data-elementor-type=\"wp-post\" data-elementor-id=\"857\" class=\"elementor elementor-857\">\n\t\t\t\t\t\t<section class=\"elementor-section elementor-top-section elementor-element elementor-element-d9c5bcc elementor-section-boxed elementor-section-height-default elementor-section-height-default\" data-id=\"d9c5bcc\" data-element_type=\"section\" data-e-type=\"section\">\n\t\t\t\t\t\t<div class=\"elementor-container elementor-column-gap-default\">\n\t\t\t\t\t<div class=\"elementor-column elementor-col-100 elementor-top-column elementor-element elementor-element-c66e94f\" data-id=\"c66e94f\" data-element_type=\"column\" data-e-type=\"column\">\n\t\t\t<div class=\"elementor-widget-wrap elementor-element-populated\">\n\t\t\t\t\t\t<div class=\"elementor-element elementor-element-5f03ae3 elementor-widget elementor-widget-html\" data-id=\"5f03ae3\" data-element_type=\"widget\" data-e-type=\"widget\" data-widget_type=\"html.default\">\n\t\t\t\t<div class=\"elementor-widget-container\">\n\t\t\t\t\t<!DOCTYPE html>\n<html lang=\"pl\">\n<head>\n<meta charset=\"UTF-8\">\n<meta name=\"viewport\" content=\"width=device-width, initial-scale=1.0\">\n\n<title>Nasza oferta | JB GROUP<\/title>\n\n<style>\n\n*{margin:0;padding:0;box-sizing:border-box;}\n\nbody{\nfont-family:Arial, Helvetica, sans-serif;\nbackground:#0a0a0a;\ncolor:#fff;\n}\n\n\/* HERO *\/\n\n.hero{\npadding:120px 20px 70px;\ntext-align:center;\nbackground:linear-gradient(180deg,#0a0a0a,#111);\n}\n\n.hero h1{\nfont-size:48px;\nmargin-bottom:15px;\n}\n\n.hero p{\ncolor:#aaa;\nfont-size:18px;\nmax-width:700px;\nmargin:auto;\n}\n\n\/* SEKCJE *\/\n\n.section{\npadding:90px 20px;\nmax-width:1300px;\nmargin:auto;\n}\n\n.title{\ntext-align:center;\nmargin-bottom:60px;\n}\n\n.title h2{\nfont-size:36px;\nmargin-bottom:10px;\n}\n\n.title p{\ncolor:#aaa;\n}\n\n\/* GRID *\/\n\n.grid{\ndisplay:grid;\ngrid-template-columns:repeat(auto-fit,minmax(280px,1fr));\ngap:30px;\n}\n\n\/* CARD *\/\n\n.card{\nposition:relative;\nborder-radius:18px;\noverflow:hidden;\ncursor:pointer;\nbackground:#111;\ntransition:0.4s;\n}\n\n.card img{\nwidth:100%;\nheight:240px;\nobject-fit:cover;\ntransition:0.6s;\n}\n\n.card::after{\ncontent:\"\";\nposition:absolute;\nwidth:100%;\nheight:100%;\nbackground:linear-gradient(to top, rgba(0,0,0,0.85), transparent);\ntop:0;\nleft:0;\n}\n\n.card-content{\nposition:absolute;\nbottom:20px;\nleft:20px;\nright:20px;\nz-index:2;\n}\n\n.card h3{\nfont-size:20px;\nmargin-bottom:5px;\n}\n\n.card p{\nfont-size:14px;\ncolor:#ccc;\n}\n\n.card:hover{\ntransform:translateY(-12px) scale(1.02);\n}\n\n.card:hover img{\ntransform:scale(1.1);\n}\n\n\/* REALIZACJE *\/\n\n.real{\nposition:relative;\nborder-radius:20px;\noverflow:hidden;\nheight:360px;\ncursor:pointer;\ntransition:0.4s;\n}\n\n.real img{\nwidth:100%;\nheight:100%;\nobject-fit:cover;\n}\n\n.real-overlay{\nposition:absolute;\ntop:0;\nleft:0;\nwidth:100%;\nheight:100%;\nbackground:rgba(0,0,0,0.65);\ndisplay:flex;\nflex-direction:column;\njustify-content:center;\nalign-items:center;\ntext-align:center;\npadding:20px;\n}\n\n.real h2{\nfont-size:36px;\nmargin-bottom:15px;\n}\n\n.real p{\ncolor:#ccc;\nmargin-bottom:25px;\nmax-width:600px;\n}\n\n.real:hover{\ntransform:scale(1.02);\n}\n\n\/* BUTTON *\/\n\n.btn{\npadding:16px 40px;\nbackground:#12F005;\ncolor:#000;\ntext-decoration:none;\nfont-weight:bold;\nborder-radius:10px;\ntransition:0.3s;\n}\n\n.btn:hover{\nbackground:#0ed904;\n}\n\n\/* CTA *\/\n\n.cta{\ntext-align:center;\npadding:100px 20px;\n}\n\n.cta h2{\nmargin-bottom:20px;\nfont-size:30px;\n}\n\n\/* MOBILE *\/\n\n@media(max-width:768px){\n.hero h1{font-size:34px;}\n.card img{height:200px;}\n.real{height:260px;}\n}\n\n<\/style>\n<\/head>\n\n<body>\n\n<!-- HERO -->\n\n<section class=\"hero\">\n<h1>Nasza oferta<\/h1>\n<p>Produkcja, obr\u00f3bka stali i realizacje na zam\u00f3wienie \u2013 kompleksowo od projektu po wykonanie.<\/p>\n<\/section>\n\n<!-- ================= PRODUKTY ================= -->\n\n<section class=\"section\">\n\n<div class=\"title\">\n<h2>Produkty<\/h2>\n<p>Gotowe rozwi\u0105zania dla warsztat\u00f3w i przemys\u0142u<\/p>\n<\/div>\n\n<div class=\"grid\">\n\n<div class=\"card\" onclick=\"location.href='https:\/\/groupjb.pl\/index.php\/oferta-stoly-spawalnicze\/'\">\n<img decoding=\"async\" src=\"http:\/\/groupjb.pl\/wp-content\/uploads\/2026\/03\/JB-WT-PRO-2400-01-kopia.png\">\n<div class=\"card-content\">\n<h3>Sto\u0142y spawalnicze<\/h3>\n<p>Profesjonalne stanowiska robocze<\/p>\n<\/div>\n<\/div>\n\n<div class=\"card\" onclick=\"location.href='https:\/\/groupjb.pl\/index.php\/jb-shield\/'\">\n<img decoding=\"async\" src=\"http:\/\/groupjb.pl\/wp-content\/uploads\/2026\/03\/PRZEGRODY.png\">\n<div class=\"card-content\">\n<h3>JB Shield<\/h3>\n<p>Systemy os\u0142on i bezpiecze\u0144stwa<\/p>\n<\/div>\n<\/div>\n\n<div class=\"card\" onclick=\"location.href='https:\/\/groupjb.pl\/index.php\/stelarze-dekoracyjne\/'\">\n<img decoding=\"async\" src=\"http:\/\/groupjb.pl\/wp-content\/uploads\/2026\/03\/stelarz-2.png\">\n<div class=\"card-content\">\n<h3>Stela\u017ce dekoracyjne<\/h3>\n<p>Konstrukcje eventowe i dekoracyjne<\/p>\n<\/div>\n<\/div>\n\n<\/div>\n\n<\/section>\n\n<!-- ================= US\u0141UGI ================= -->\n\n<section class=\"section\">\n\n<div class=\"title\">\n<h2>Us\u0142ugi<\/h2>\n<p>Kompleksowa realizacja projekt\u00f3w stalowych<\/p>\n<\/div>\n\n<div class=\"grid\">\n\n<div class=\"card\" onclick=\"location.href='https:\/\/groupjb.pl\/index.php\/profesjonalne-uslugi-spawalnicze-2\/'\">\n<img decoding=\"async\" src=\"http:\/\/groupjb.pl\/wp-content\/uploads\/2026\/02\/man-worker-welding-metal-with-welding-machine-in-a-2026-01-07-06-37-04-utc-scaled-e1771518760799.jpg\">\n<div class=\"card-content\">\n<h3>Us\u0142ugi spawalnicze<\/h3>\n<p>MIG \/ MAG \/ TIG<\/p>\n<\/div>\n<\/div>\n\n<div class=\"card\" onclick=\"location.href='https:\/\/groupjb.pl\/index.php\/ciecie-laserowe-i-obrobka-stali\/'\">\n<img decoding=\"async\" src=\"http:\/\/groupjb.pl\/wp-content\/uploads\/2026\/03\/cutting-steel-with-a-laser-2026-01-05-06-02-26-utc-scaled.jpg\">\n<div class=\"card-content\">\n<h3>Ci\u0119cie laserowe<\/h3>\n<p>Precyzyjna obr\u00f3bka CNC<\/p>\n<\/div>\n<\/div>\n\n<div class=\"card\" onclick=\"location.href='https:\/\/groupjb.pl\/index.php\/konstrukcje\/'\">\n<img decoding=\"async\" src=\"http:\/\/groupjb.pl\/wp-content\/uploads\/2026\/03\/ChatGPT-Image-20-mar-2026-11_55_37-1.png\">\n<div class=\"card-content\">\n<h3>Konstrukcje stalowe<\/h3>\n<p>Indywidualne projekty konstrukcyjne<\/p>\n<\/div>\n<\/div>\n\n<\/div>\n\n<\/section>\n\n<!-- ================= REALIZACJE ================= -->\n\n<section class=\"section\">\n\n<div class=\"real\" onclick=\"location.href='https:\/\/groupjb.pl\/index.php\/realizacje-indywidualne\/'\">\n\n<img decoding=\"async\" src=\"https:\/\/images.unsplash.com\/photo-1565610222536-ef125c59da2e\">\n\n<div class=\"real-overlay\">\n<h2>Realizacje indywidualne<\/h2>\n<p>Tworzymy konstrukcje stalowe na zam\u00f3wienie \u2013 od projektu po wykonanie.<\/p>\n\n<a href=\"https:\/\/groupjb.pl\/index.php\/realizacje-indywidualne\/\" class=\"btn\">\nRozpocznij projekt\n<\/a>\n\n<\/div>\n\n<\/div>\n\n<\/section>\n\n<!-- CTA -->\n\n<section class=\"cta\">\n\n<h2>Masz projekt do wykonania?<\/h2>\n\n<a href=\"https:\/\/groupjb.pl\/index.php\/email\/\" class=\"btn\">\nWyce\u0144 projekt\n<\/a>\n\n<\/section>\n\n<\/body>\n<\/html>\t\t\t\t<\/div>\n\t\t\t\t<\/div>\n\t\t\t\t\t<\/div>\n\t\t<\/div>\n\t\t\t\t\t<\/div>\n\t\t<\/section>\n\t\t\t\t<\/div>\n\t\t","protected":false},"excerpt":{"rendered":"<p>Nasza oferta | JB GROUP Nasza oferta Produkcja, obr\u00f3bka stali i realizacje na zam\u00f3wienie \u2013 kompleksowo od projektu po wykonanie. Produkty Gotowe rozwi\u0105zania dla warsztat\u00f3w i przemys\u0142u Sto\u0142y spawalnicze Profesjonalne stanowiska robocze JB Shield Systemy os\u0142on i bezpiecze\u0144stwa Stela\u017ce dekoracyjne Konstrukcje eventowe i dekoracyjne Us\u0142ugi Kompleksowa realizacja projekt\u00f3w stalowych Us\u0142ugi spawalnicze MIG \/ MAG \/ [&hellip;]<\/p>\n","protected":false},"author":1,"featured_media":0,"parent":0,"menu_order":0,"comment_status":"closed","ping_status":"closed","template":"","meta":{"footnotes":""},"class_list":["post-857","page","type-page","status-publish","hentry"],"_links":{"self":[{"href":"https:\/\/groupjb.pl\/index.php\/wp-json\/wp\/v2\/pages\/857","targetHints":{"allow":["GET"]}}],"collection":[{"href":"https:\/\/groupjb.pl\/index.php\/wp-json\/wp\/v2\/pages"}],"about":[{"href":"https:\/\/groupjb.pl\/index.php\/wp-json\/wp\/v2\/types\/page"}],"author":[{"embeddable":true,"href":"https:\/\/groupjb.pl\/index.php\/wp-json\/wp\/v2\/users\/1"}],"replies":[{"embeddable":true,"href":"https:\/\/groupjb.pl\/index.php\/wp-json\/wp\/v2\/comments?post=857"}],"version-history":[{"count":20,"href":"https:\/\/groupjb.pl\/index.php\/wp-json\/wp\/v2\/pages\/857\/revisions"}],"predecessor-version":[{"id":966,"href":"https:\/\/groupjb.pl\/index.php\/wp-json\/wp\/v2\/pages\/857\/revisions\/966"}],"wp:attachment":[{"href":"https:\/\/groupjb.pl\/index.php\/wp-json\/wp\/v2\/media?parent=857"}],"curies":[{"name":"wp","href":"https:\/\/api.w.org\/{rel}","templated":true}]}}